{"id":2485,"date":"2021-11-04T14:51:45","date_gmt":"2021-11-04T14:51:45","guid":{"rendered":"http:\/\/beujoproject.eu\/resources\/"},"modified":"2023-03-23T13:00:49","modified_gmt":"2023-03-23T13:00:49","slug":"resources","status":"publish","type":"page","link":"http:\/\/beujoproject.eu\/es\/resources\/","title":{"rendered":"Recursos"},"content":{"rendered":"<div>\n<p>    <img decoding=\"async\" src=\"\/wp-content\/uploads\/2021\/11\/brainstorming-connection-colleagues-team-scaled-e1636100832439.jpg\" alt=\"\"><\/p>\n<h1>Recursos<\/h1>\n<p>bEUjo+<\/p>\n<\/div>\n<p><img decoding=\"async\" src=\"\/wp-content\/uploads\/2023\/02\/MicrosoftTeams-image.jpg\" alt=\"\"><\/p>\n<h1>\n<p>Aplicaci\u00f3n web bEUjo+<\/p>\n<\/h1>\n<h1>El bullet journal<\/h1>\n<div>\n<p>\u00a1Un viaje de 6 pasos para que tu proyecto Erasmus+ tenga \u00e9xito! El bullet journal de bEUjo+ le guiar\u00e1 durante todas las etapas de un proyecto Erasmus+:<\/p>\n<ul>\n<li>Redacci\u00f3n una propuesta<\/li>\n<li>Gesti\u00f3n y presentaci\u00f3n de informes<\/li>\n<li>Desarrollo de resultados<\/li>\n<li>Participaci\u00f3n del p\u00fablico objetivo y partes interesadas<\/li>\n<li>Promoci\u00f3n y difusi\u00f3n<\/li>\n<li>Evaluaci\u00f3n y generaci\u00f3n de impacto<\/li>\n<\/ul>\n<\/div>\n<p>\n    <a href=\"https:\/\/beujoplatform.eu\/\">Visitar la aplicaci\u00f3n web de bEUjo+<\/a>\n<\/p>\n<h1>\n<p style=\"text-align: left;\">Las herramientas esenciales de un gestor de proyectos Erasmus+<\/p>\n<\/h1>\n<h1>La Box+<\/h1>\n<div>\n<p style=\"text-align: left;\">Siguiendo los pasos del bEUjo+ Bullet Journal tendr\u00e1s que crear y manejar documentos clave. \u00a1Estamos aqu\u00ed para ayudarte! \u00bfDe qu\u00e9 documentos hablamos?<\/p>\n<ul>\n<li data-leveltext=\"\uf0b7\" data-font=\"Symbol\" data-listid=\"2\" aria-setsize=\"-1\" data-aria-posinset=\"1\" data-aria-level=\"1\">Plan de trabajo<\/li>\n<li data-leveltext=\"\uf0b7\" data-font=\"Symbol\" data-listid=\"2\" aria-setsize=\"-1\" data-aria-posinset=\"1\" data-aria-level=\"1\">Diagrama de Gantt<\/li>\n<li data-leveltext=\"\uf0b7\" data-font=\"Symbol\" data-listid=\"2\" aria-setsize=\"-1\" data-aria-posinset=\"1\" data-aria-level=\"1\">Contratos bilaterales<\/li>\n<li data-leveltext=\"\uf0b7\" data-font=\"Symbol\" data-listid=\"2\" aria-setsize=\"-1\" data-aria-posinset=\"1\" data-aria-level=\"1\">Estrategias de difusi\u00f3n<\/li>\n<\/ul>\n<p>\u00a1Y m\u00e1s por venir!<\/p>\n<\/div>\n<p>\n    <a href=\"\/wp-content\/uploads\/2023\/03\/bEUjo_IO2_Coordinators-Annex-Toolbox_ES.pdf\">DESCARGAR<\/a>\n<\/p>\n<p><img decoding=\"async\" src=\"\/wp-content\/uploads\/2023\/03\/espanish.png\" alt=\"\"><br \/>\n<img decoding=\"async\" src=\"\/wp-content\/uploads\/2023\/03\/Screenshot-2023-03-23-145933.png\" alt=\"\"><\/p>\n<h1>Metodolog\u00eda de la formaci\u00f3n<\/h1>\n<h1>\n<h1>La hoja de ruta hacia el \u00e9xito<\/h1>\n<\/h1>\n<div>\n<p>\u00bfCu\u00e1l es el mejor enfoque para convertirse en un exitoso gestor de proyectos Erasmus+?<\/p>\n<p>La Metodolog\u00eda de Formaci\u00f3n le dar\u00e1 sugerencias pr\u00e1cticas sobre c\u00f3mo aprender todos los secretos para una gesti\u00f3n exitosa de los proyectos Erasmus+.<\/p>\n<\/div>\n<p>\n    <a href=\"\/wp-content\/uploads\/2023\/03\/bEUjo_IO3_Guidelines-ES.pdf\">DESCARGAR<\/a>\n<\/p>\n<p><!--more--><br \/>\n<!-- {\"type\":\"layout\",\"children\":[{\"type\":\"section\",\"props\":{\"height\":\"full\",\"image_position\":\"center-center\",\"overlap\":true,\"padding\":\"none\",\"padding_remove_horizontal\":true,\"style\":\"default\",\"title_breakpoint\":\"xl\",\"title_position\":\"top-left\",\"title_rotation\":\"left\",\"vertical_align\":\"\",\"width\":\"\"},\"children\":[{\"type\":\"row\",\"children\":[{\"type\":\"column\",\"props\":{\"image_position\":\"center-center\",\"media_overlay_gradient\":\"\",\"position_sticky_breakpoint\":\"m\"},\"children\":[{\"type\":\"slideshow\",\"props\":{\"animation\":\"parallax\",\"css\":\".el-meta\",\"image_width\":\"2000\",\"link_style\":\"default\",\"link_text\":\"Read more\",\"margin\":\"remove-vertical\",\"margin_remove_bottom\":true,\"margin_remove_top\":true,\"meta_align\":\"above-title\",\"meta_color\":\"success\",\"meta_element\":\"div\",\"meta_style\":\"h4\",\"nav\":\"\",\"nav_align\":\"center\",\"nav_breakpoint\":\"s\",\"nav_position\":\"bottom-center\",\"nav_position_margin\":\"medium\",\"overlay_animation\":\"parallax\",\"overlay_container\":\"\",\"overlay_container_padding\":\"\",\"overlay_margin\":\"none\",\"overlay_padding\":\"large\",\"overlay_position\":\"bottom-right\",\"overlay_style\":\"tile-primary\",\"overlay_width\":\"large\",\"parallax_easing\":\"1\",\"parallax_y\":\"0,-200\",\"show_content\":true,\"show_link\":true,\"show_meta\":true,\"show_thumbnail\":true,\"show_title\":true,\"slidenav\":\"\",\"slidenav_breakpoint\":\"s\",\"slidenav_margin\":\"medium\",\"slidenav_outside_breakpoint\":\"xl\",\"slideshow_autoplay_pause\":true,\"slideshow_height\":\"percent\",\"slideshow_min_height\":300,\"thumbnav_height\":\"75\",\"thumbnav_svg_color\":\"emphasis\",\"thumbnav_width\":\"100\",\"title_element\":\"h1\",\"title_margin\":\"small\",\"title_style\":\"h1\"},\"children\":[{\"type\":\"slideshow_item\",\"props\":{\"content\":\"\",\"image\":\"wp-content\\\/uploads\\\/2021\\\/11\\\/brainstorming-connection-colleagues-team-scaled-e1636100832439.jpg\",\"media_background\":\"#FB9F9F\",\"meta\":\"bEUjo+\",\"title\":\"Recursos\"}}]}]}]}],\"name\":\"HERO\"},{\"type\":\"section\",\"props\":{\"image\":\"wp-content\\\/uploads\\\/2021\\\/11\\\/bEUjo-patterns-medium-2-e1636111045615.png\",\"image_effect\":\"parallax\",\"image_height\":\"200\",\"image_parallax_bgy\":\"0,400\",\"image_parallax_easing\":\"-0.5\",\"image_position\":\"top-left\",\"image_width\":\"600\",\"media_visibility\":\"m\",\"style\":\"default\",\"title_breakpoint\":\"xl\",\"title_position\":\"top-left\",\"title_rotation\":\"left\",\"vertical_align\":\"middle\",\"width\":\"default\"},\"children\":[{\"type\":\"row\",\"props\":{\"layout\":\"1-2,1-2\"},\"children\":[{\"type\":\"column\",\"props\":{\"image_position\":\"center-center\",\"media_overlay_gradient\":\"\",\"position_sticky_breakpoint\":\"m\",\"width_medium\":\"1-2\"},\"children\":[{\"type\":\"image\",\"props\":{\"image\":\"wp-content\\\/uploads\\\/2023\\\/02\\\/MicrosoftTeams-image.jpg\",\"image_svg_color\":\"emphasis\",\"image_width\":\"400\",\"margin\":\"default\",\"text_align\":\"center\"}}]},{\"type\":\"column\",\"props\":{\"image_position\":\"center-center\",\"media_overlay_gradient\":\"\",\"position_sticky_breakpoint\":\"m\",\"width_medium\":\"1-2\"},\"children\":[{\"type\":\"headline\",\"props\":{\"animation\":\"slide-top-small\",\"content\":\"\n\n<p>Aplicaci\\u00f3n web bEUjo+<\\\/p>\",\"title_color\":\"muted\",\"title_element\":\"h1\",\"title_style\":\"h4\"}},{\"type\":\"headline\",\"props\":{\"content\":\"El bullet journal\",\"margin_remove_top\":true,\"title_element\":\"h1\"}},{\"type\":\"text\",\"props\":{\"animation\":\"slide-top-medium\",\"column_breakpoint\":\"m\",\"content\":\"\n\n<p>\\u00a1Un viaje de 6 pasos para que tu proyecto Erasmus+ tenga \\u00e9xito! El bullet journal de bEUjo+ le guiar\\u00e1 durante todas las etapas de un proyecto Erasmus+:<\\\/p>\\n\n\n<ul>\\n\n\n<li>Redacci\\u00f3n una propuesta<\\\/li>\\n\n\n<li>Gesti\\u00f3n y presentaci\\u00f3n de informes<\\\/li>\\n\n\n<li>Desarrollo de resultados<\\\/li>\\n\n\n<li>Participaci\\u00f3n del p\\u00fablico objetivo y partes interesadas<\\\/li>\\n\n\n<li>Promoci\\u00f3n y difusi\\u00f3n<\\\/li>\\n\n\n<li>Evaluaci\\u00f3n y generaci\\u00f3n de impacto<\\\/li>\\n<\\\/ul>\",\"margin\":\"default\"}},{\"type\":\"button\",\"props\":{\"grid_column_gap\":\"small\",\"grid_row_gap\":\"small\",\"margin\":\"default\"},\"children\":[{\"type\":\"button_item\",\"props\":{\"button_style\":\"default\",\"content\":\"Visitar la aplicaci\\u00f3n web de bEUjo+\",\"icon_align\":\"left\",\"link\":\"https:\\\/\\\/beujoplatform.eu\\\/\"}}]}]}]}],\"name\":\"Bullet journal\"},{\"type\":\"section\",\"props\":{\"image\":\"wp-content\\\/uploads\\\/2021\\\/11\\\/bEUjo-patterns-medium.png\",\"image_effect\":\"parallax\",\"image_height\":\"600\",\"image_parallax_bgx\":\"-200,0\",\"image_parallax_bgy\":\"0,0\",\"image_parallax_easing\":\"-0.5\",\"image_position\":\"bottom-right\",\"image_width\":\"200\",\"media_visibility\":\"m\",\"status\":\"\",\"style\":\"default\",\"title_breakpoint\":\"xl\",\"title_position\":\"top-left\",\"title_rotation\":\"left\",\"vertical_align\":\"middle\",\"width\":\"default\"},\"children\":[{\"type\":\"row\",\"props\":{\"layout\":\"1-2,1-2\"},\"children\":[{\"type\":\"column\",\"props\":{\"image_position\":\"center-center\",\"media_overlay_gradient\":\"\",\"position_sticky_breakpoint\":\"m\",\"width_medium\":\"1-2\"},\"children\":[{\"type\":\"headline\",\"props\":{\"content\":\"\n\n<p style=\\\"text-align: left;\\\">Las herramientas esenciales de un gestor de proyectos Erasmus+<\\\/p>\",\"text_align\":\"right\",\"title_color\":\"muted\",\"title_element\":\"h1\",\"title_style\":\"h4\"}},{\"type\":\"headline\",\"props\":{\"content\":\"La Box+\",\"margin_remove_top\":true,\"title_element\":\"h1\"}},{\"type\":\"text\",\"props\":{\"column_breakpoint\":\"m\",\"content\":\"\n\n<p style=\\\"text-align: left;\\\">Siguiendo los pasos del bEUjo+ Bullet Journal tendr\\u00e1s que crear y manejar documentos clave. \\u00a1Estamos aqu\\u00ed para ayudarte! \\u00bfDe qu\\u00e9 documentos hablamos?<\\\/p>\\n\n\n<ul>\\n\n\n<li data-leveltext=\\\"\\uf0b7\\\" data-font=\\\"Symbol\\\" data-listid=\\\"2\\\" aria-setsize=\\\"-1\\\" data-aria-posinset=\\\"1\\\" data-aria-level=\\\"1\\\">Plan de trabajo<\\\/li>\\n\n\n<li data-leveltext=\\\"\\uf0b7\\\" data-font=\\\"Symbol\\\" data-listid=\\\"2\\\" aria-setsize=\\\"-1\\\" data-aria-posinset=\\\"1\\\" data-aria-level=\\\"1\\\">Diagrama de Gantt<\\\/li>\\n\n\n<li data-leveltext=\\\"\\uf0b7\\\" data-font=\\\"Symbol\\\" data-listid=\\\"2\\\" aria-setsize=\\\"-1\\\" data-aria-posinset=\\\"1\\\" data-aria-level=\\\"1\\\">Contratos bilaterales<\\\/li>\\n\n\n<li data-leveltext=\\\"\\uf0b7\\\" data-font=\\\"Symbol\\\" data-listid=\\\"2\\\" aria-setsize=\\\"-1\\\" data-aria-posinset=\\\"1\\\" data-aria-level=\\\"1\\\">Estrategias de difusi\\u00f3n<\\\/li>\\n<\\\/ul>\\n\n\n<p><\\\/p>\\n\n\n<p>\\u00a1Y m\\u00e1s por venir!<\\\/p>\",\"margin\":\"default\",\"text_align\":\"left\"}},{\"type\":\"button\",\"props\":{\"grid_column_gap\":\"small\",\"grid_row_gap\":\"small\",\"margin\":\"default\",\"text_align\":\"left\"},\"children\":[{\"type\":\"button_item\",\"props\":{\"button_style\":\"default\",\"content\":\"DESCARGAR\",\"icon_align\":\"left\",\"link\":\"wp-content\\\/uploads\\\/2023\\\/03\\\/bEUjo_IO2_Coordinators-Annex-Toolbox_ES.pdf\"}}]}]},{\"type\":\"column\",\"props\":{\"image_position\":\"center-center\",\"media_overlay_gradient\":\"\",\"position_sticky_breakpoint\":\"m\",\"width_medium\":\"1-2\"},\"children\":[{\"type\":\"image\",\"props\":{\"image\":\"wp-content\\\/uploads\\\/2023\\\/03\\\/espanish.png\",\"image_svg_color\":\"emphasis\",\"image_width\":\"400\",\"margin\":\"default\",\"text_align\":\"center\"}}]}]}],\"name\":\"Resource 2\"},{\"type\":\"section\",\"props\":{\"image\":\"wp-content\\\/uploads\\\/2021\\\/11\\\/bEUjo-patterns-medium-3-e1636111129396.png\",\"image_effect\":\"parallax\",\"image_height\":\"200\",\"image_parallax_bgy\":\"0,-400\",\"image_parallax_easing\":\"-0.5\",\"image_position\":\"bottom-left\",\"image_width\":\"600\",\"media_visibility\":\"m\",\"status\":\"\",\"style\":\"default\",\"title_breakpoint\":\"xl\",\"title_position\":\"top-left\",\"title_rotation\":\"left\",\"vertical_align\":\"middle\",\"width\":\"default\"},\"children\":[{\"type\":\"row\",\"props\":{\"layout\":\"1-2,1-2\"},\"children\":[{\"type\":\"column\",\"props\":{\"image_position\":\"center-center\",\"media_overlay_gradient\":\"\",\"position_sticky_breakpoint\":\"m\",\"width_medium\":\"1-2\"},\"children\":[{\"type\":\"image\",\"props\":{\"image\":\"wp-content\\\/uploads\\\/2023\\\/03\\\/Screenshot-2023-03-23-145933.png\",\"image_svg_color\":\"emphasis\",\"image_width\":\"400\",\"margin\":\"default\",\"text_align\":\"center\"}}]},{\"type\":\"column\",\"props\":{\"image_position\":\"center-center\",\"media_overlay_gradient\":\"\",\"position_sticky_breakpoint\":\"m\",\"width_medium\":\"1-2\"},\"children\":[{\"type\":\"headline\",\"props\":{\"content\":\"Metodolog\\u00eda de la formaci\\u00f3n\",\"title_color\":\"muted\",\"title_element\":\"h1\",\"title_style\":\"h4\"}},{\"type\":\"headline\",\"props\":{\"content\":\"\n\n<h1>La hoja de ruta hacia el \\u00e9xito<\\\/h1>\",\"margin_remove_top\":true,\"title_element\":\"h1\",\"title_style\":\"h1\"}},{\"type\":\"text\",\"props\":{\"column_breakpoint\":\"m\",\"content\":\"\n\n<p>\\u00bfCu\\u00e1l es el mejor enfoque para convertirse en un exitoso gestor de proyectos Erasmus+?<br \\\/><br \\\/>La Metodolog\\u00eda de Formaci\\u00f3n le dar\\u00e1 sugerencias pr\\u00e1cticas sobre c\\u00f3mo aprender todos los secretos para una gesti\\u00f3n exitosa de los proyectos Erasmus+.<\\\/p>\",\"margin\":\"default\"}},{\"type\":\"button\",\"props\":{\"grid_column_gap\":\"small\",\"grid_row_gap\":\"small\",\"margin\":\"default\"},\"children\":[{\"type\":\"button_item\",\"props\":{\"button_style\":\"default\",\"content\":\"DESCARGAR\",\"icon_align\":\"left\",\"link\":\"wp-content\\\/uploads\\\/2023\\\/03\\\/bEUjo_IO3_Guidelines-ES.pdf\"}}]}]}]}],\"name\":\"Resource name 3\"}],\"version\":\"3.0.25\"} --><\/p>\n","protected":false},"excerpt":{"rendered":"<p>Recursos bEUjo+ Aplicaci\u00f3n web bEUjo+ El bullet journal \u00a1Un viaje de 6 pasos para que tu proyecto Erasmus+ tenga \u00e9xito! El bullet journal de bEUjo+ le guiar\u00e1 durante todas las etapas de un proyecto Erasmus+: Redacci\u00f3n una propuesta Gesti\u00f3n y presentaci\u00f3n de informes Desarrollo de resultados Participaci\u00f3n del p\u00fablico objetivo y partes interesadas Promoci\u00f3n y [&hellip;]<\/p>\n","protected":false},"author":1,"featured_media":0,"parent":0,"menu_order":0,"comment_status":"closed","ping_status":"closed","template":"","meta":{"_acf_changed":false,"footnotes":""},"class_list":["post-2485","page","type-page","status-publish","hentry"],"acf":[],"_links":{"self":[{"href":"http:\/\/beujoproject.eu\/es\/wp-json\/wp\/v2\/pages\/2485","targetHints":{"allow":["GET"]}}],"collection":[{"href":"http:\/\/beujoproject.eu\/es\/wp-json\/wp\/v2\/pages"}],"about":[{"href":"http:\/\/beujoproject.eu\/es\/wp-json\/wp\/v2\/types\/page"}],"author":[{"embeddable":true,"href":"http:\/\/beujoproject.eu\/es\/wp-json\/wp\/v2\/users\/1"}],"replies":[{"embeddable":true,"href":"http:\/\/beujoproject.eu\/es\/wp-json\/wp\/v2\/comments?post=2485"}],"version-history":[{"count":10,"href":"http:\/\/beujoproject.eu\/es\/wp-json\/wp\/v2\/pages\/2485\/revisions"}],"predecessor-version":[{"id":2880,"href":"http:\/\/beujoproject.eu\/es\/wp-json\/wp\/v2\/pages\/2485\/revisions\/2880"}],"wp:attachment":[{"href":"http:\/\/beujoproject.eu\/es\/wp-json\/wp\/v2\/media?parent=2485"}],"curies":[{"name":"wp","href":"https:\/\/api.w.org\/{rel}","templated":true}]}}