{"id":2481,"date":"2021-11-04T14:51:45","date_gmt":"2021-11-04T14:51:45","guid":{"rendered":"http:\/\/beujoproject.eu\/resources\/"},"modified":"2023-03-23T12:44:43","modified_gmt":"2023-03-23T12:44:43","slug":"resources","status":"publish","type":"page","link":"http:\/\/beujoproject.eu\/fr\/resources\/","title":{"rendered":"Ressources"},"content":{"rendered":"<div>\n<p>    <img decoding=\"async\" src=\"\/wp-content\/uploads\/2021\/11\/brainstorming-connection-colleagues-team-scaled-e1636100832439.jpg\" alt=\"\"><\/p>\n<h1>Ressources<\/h1>\n<p>bEUjo+<\/p>\n<\/div>\n<p><img decoding=\"async\" src=\"\/wp-content\/uploads\/2023\/02\/MicrosoftTeams-image.jpg\" alt=\"\"><\/p>\n<h1>\n<p>Application Web bEUjo+<\/p>\n<\/h1>\n<h1>Le bullet journal<\/h1>\n<div>\n<p>Un parcours en 6 \u00e9tapes pour r\u00e9ussir votre projet Erasmus+ ! Le bullet journal bEUjo+ vous guidera dans toutes les \u00e9tapes d&rsquo;un projet Erasmus+.<\/p>\n<ul>\n<li>R\u00e9daction d&rsquo;une proposition<\/li>\n<li>Gestion et rapports<\/li>\n<li>D\u00e9veloppement des r\u00e9sultats<\/li>\n<li>Participation des publics cibles et des parties prenantes<\/li>\n<li>Promouvoir et diffuser<\/li>\n<li>\u00c9valuer et g\u00e9n\u00e9rer un impact<\/li>\n<\/ul>\n<\/div>\n<p>\n    <a href=\"https:\/\/beujoplatform.eu\/\">aller sur l&rsquo;application web bEUjo+<\/a>\n<\/p>\n<h1>\n<p style=\"text-align: left;\">Les outils essentiels d&rsquo;un gestionnaire de projet Erasmus+<\/p>\n<\/h1>\n<h1>The BOX+<\/h1>\n<div>\n<p>En suivant les \u00e9tapes du journal de bord bEUjo+, vous devrez cr\u00e9er et manipuler des documents cl\u00e9s. Nous sommes l\u00e0 pour vous aider ! De quels documents s&rsquo;agit-il?<\/p>\n<ul>\n<li>Plan de travail<\/li>\n<li>Diagramme de Gantt<\/li>\n<li>Contrats bilat\u00e9raux<\/li>\n<li>Strat\u00e9gies de diffusion<\/li>\n<\/ul>\n<p>Et plus encore \u00e0 suivre !<\/p>\n<\/div>\n<p>\n    <a href=\"\/wp-content\/uploads\/2023\/03\/bEUjo_IO2_Coordinators-Annex-Toolbox_FINAL_FR.pdf\">T\u00c9L\u00c9CHARGER ICI<\/a>\n<\/p>\n<p><img decoding=\"async\" src=\"\/wp-content\/uploads\/2023\/03\/French.png\" alt=\"\"><br \/>\n<img decoding=\"async\" src=\"\/wp-content\/uploads\/2023\/03\/Screenshot-2023-03-23-144301.png\" alt=\"\"><\/p>\n<h1>M\u00e9thodologie de la formation<\/h1>\n<h1>\n<h1>La feuille de route vers le succ\u00e8s<\/h1>\n<\/h1>\n<div>\n<p>Quelle est la meilleure approche pour devenir un gestionnaire de projet Erasmus+ performant ?<\/p>\n<p>La m\u00e9thodologie de la formation vous donnera des suggestions pratiques pour apprendre tous les secrets d&rsquo;une gestion r\u00e9ussie des projets Erasmus+ !<\/p>\n<\/div>\n<p>\n    <a href=\"\/wp-content\/uploads\/2023\/03\/bEUjo_IO3_Methodological-Guide_FR.pdf\">T\u00c9L\u00c9CHARGER ICI<\/a>\n<\/p>\n<p><!--more--><br \/>\n<!-- {\"type\":\"layout\",\"children\":[{\"type\":\"section\",\"props\":{\"height\":\"full\",\"image_position\":\"center-center\",\"overlap\":true,\"padding\":\"none\",\"padding_remove_horizontal\":true,\"style\":\"default\",\"title_breakpoint\":\"xl\",\"title_position\":\"top-left\",\"title_rotation\":\"left\",\"vertical_align\":\"\",\"width\":\"\"},\"children\":[{\"type\":\"row\",\"children\":[{\"type\":\"column\",\"props\":{\"image_position\":\"center-center\",\"media_overlay_gradient\":\"\",\"position_sticky_breakpoint\":\"m\"},\"children\":[{\"type\":\"slideshow\",\"props\":{\"animation\":\"parallax\",\"css\":\".el-meta\",\"image_width\":\"2000\",\"link_style\":\"default\",\"link_text\":\"Read more\",\"margin\":\"remove-vertical\",\"margin_remove_bottom\":true,\"margin_remove_top\":true,\"meta_align\":\"above-title\",\"meta_color\":\"success\",\"meta_element\":\"div\",\"meta_style\":\"h4\",\"nav\":\"\",\"nav_align\":\"center\",\"nav_breakpoint\":\"s\",\"nav_position\":\"bottom-center\",\"nav_position_margin\":\"medium\",\"overlay_animation\":\"parallax\",\"overlay_container\":\"\",\"overlay_container_padding\":\"\",\"overlay_margin\":\"none\",\"overlay_padding\":\"large\",\"overlay_position\":\"bottom-right\",\"overlay_style\":\"tile-primary\",\"overlay_width\":\"large\",\"parallax_easing\":\"1\",\"parallax_y\":\"0,-200\",\"show_content\":true,\"show_link\":true,\"show_meta\":true,\"show_thumbnail\":true,\"show_title\":true,\"slidenav\":\"\",\"slidenav_breakpoint\":\"s\",\"slidenav_margin\":\"medium\",\"slidenav_outside_breakpoint\":\"xl\",\"slideshow_autoplay_pause\":true,\"slideshow_height\":\"percent\",\"slideshow_min_height\":300,\"thumbnav_height\":\"75\",\"thumbnav_svg_color\":\"emphasis\",\"thumbnav_width\":\"100\",\"title_element\":\"h1\",\"title_margin\":\"small\",\"title_style\":\"h1\"},\"children\":[{\"type\":\"slideshow_item\",\"props\":{\"content\":\"\",\"image\":\"wp-content\\\/uploads\\\/2021\\\/11\\\/brainstorming-connection-colleagues-team-scaled-e1636100832439.jpg\",\"media_background\":\"#FB9F9F\",\"meta\":\"bEUjo+\",\"title\":\"Ressources\"}}]}]}]}],\"name\":\"HERO\"},{\"type\":\"section\",\"props\":{\"image\":\"wp-content\\\/uploads\\\/2021\\\/11\\\/bEUjo-patterns-medium-2-e1636111045615.png\",\"image_effect\":\"parallax\",\"image_height\":\"200\",\"image_parallax_bgy\":\"0,400\",\"image_parallax_easing\":\"-0.5\",\"image_position\":\"top-left\",\"image_width\":\"600\",\"media_visibility\":\"m\",\"style\":\"default\",\"title_breakpoint\":\"xl\",\"title_position\":\"top-left\",\"title_rotation\":\"left\",\"vertical_align\":\"middle\",\"width\":\"default\"},\"children\":[{\"type\":\"row\",\"props\":{\"layout\":\"1-2,1-2\"},\"children\":[{\"type\":\"column\",\"props\":{\"image_position\":\"center-center\",\"media_overlay_gradient\":\"\",\"position_sticky_breakpoint\":\"m\",\"width_medium\":\"1-2\"},\"children\":[{\"type\":\"image\",\"props\":{\"image\":\"wp-content\\\/uploads\\\/2023\\\/02\\\/MicrosoftTeams-image.jpg\",\"image_svg_color\":\"emphasis\",\"image_width\":\"400\",\"margin\":\"default\",\"text_align\":\"center\"}}]},{\"type\":\"column\",\"props\":{\"image_position\":\"center-center\",\"media_overlay_gradient\":\"\",\"position_sticky_breakpoint\":\"m\",\"width_medium\":\"1-2\"},\"children\":[{\"type\":\"headline\",\"props\":{\"animation\":\"slide-top-small\",\"content\":\"\n\n<p>Application Web bEUjo+<\\\/p>\",\"title_color\":\"muted\",\"title_element\":\"h1\",\"title_style\":\"h4\"}},{\"type\":\"headline\",\"props\":{\"content\":\"Le bullet journal\",\"margin_remove_top\":true,\"title_element\":\"h1\"}},{\"type\":\"text\",\"props\":{\"animation\":\"slide-top-medium\",\"column_breakpoint\":\"m\",\"content\":\"\n\n<p>Un parcours en 6 \\u00e9tapes pour r\\u00e9ussir votre projet Erasmus+ ! Le bullet journal bEUjo+ vous guidera dans toutes les \\u00e9tapes d'un projet Erasmus+.<\\\/p>\\n\n\n<ul>\\n\n\n<li>R\\u00e9daction d'une proposition<\\\/li>\\n\n\n<li>Gestion et rapports<\\\/li>\\n\n\n<li>D\\u00e9veloppement des r\\u00e9sultats<\\\/li>\\n\n\n<li>Participation des publics cibles et des parties prenantes<\\\/li>\\n\n\n<li>Promouvoir et diffuser<\\\/li>\\n\n\n<li>\\u00c9valuer et g\\u00e9n\\u00e9rer un impact<\\\/li>\\n<\\\/ul>\",\"margin\":\"default\"}},{\"type\":\"button\",\"props\":{\"grid_column_gap\":\"small\",\"grid_row_gap\":\"small\",\"margin\":\"default\"},\"children\":[{\"type\":\"button_item\",\"props\":{\"button_style\":\"default\",\"content\":\"aller sur l'application web bEUjo+\",\"icon_align\":\"left\",\"link\":\"https:\\\/\\\/beujoplatform.eu\\\/\"}}]}]}]}],\"name\":\"Bullet journal\"},{\"type\":\"section\",\"props\":{\"image\":\"wp-content\\\/uploads\\\/2021\\\/11\\\/bEUjo-patterns-medium.png\",\"image_effect\":\"parallax\",\"image_height\":\"600\",\"image_parallax_bgx\":\"-200,0\",\"image_parallax_bgy\":\"0,0\",\"image_parallax_easing\":\"-0.5\",\"image_position\":\"bottom-right\",\"image_width\":\"200\",\"media_visibility\":\"m\",\"status\":\"\",\"style\":\"default\",\"title_breakpoint\":\"xl\",\"title_position\":\"top-left\",\"title_rotation\":\"left\",\"vertical_align\":\"middle\",\"width\":\"default\"},\"children\":[{\"type\":\"row\",\"props\":{\"layout\":\"1-2,1-2\"},\"children\":[{\"type\":\"column\",\"props\":{\"image_position\":\"center-center\",\"media_overlay_gradient\":\"\",\"position_sticky_breakpoint\":\"m\",\"width_medium\":\"1-2\"},\"children\":[{\"type\":\"headline\",\"props\":{\"content\":\"\n\n<p style=\\\"text-align: left;\\\">Les outils essentiels d'un gestionnaire de projet Erasmus+<\\\/p>\",\"text_align\":\"right\",\"title_color\":\"muted\",\"title_element\":\"h1\",\"title_style\":\"h4\"}},{\"type\":\"headline\",\"props\":{\"content\":\"The BOX+\",\"margin_remove_top\":true,\"title_element\":\"h1\"}},{\"type\":\"text\",\"props\":{\"column_breakpoint\":\"m\",\"content\":\"\n\n<p>En suivant les \\u00e9tapes du journal de bord bEUjo+, vous devrez cr\\u00e9er et manipuler des documents cl\\u00e9s. Nous sommes l\\u00e0 pour vous aider ! De quels documents s'agit-il?<\\\/p>\\n\n\n<ul>\\n\n\n<li>Plan de travail<\\\/li>\\n\n\n<li>Diagramme de Gantt<\\\/li>\\n\n\n<li>Contrats bilat\\u00e9raux<\\\/li>\\n\n\n<li>Strat\\u00e9gies de diffusion<\\\/li>\\n<\\\/ul>\\n\n\n<p>Et plus encore \\u00e0 suivre !<\\\/p>\",\"margin\":\"default\",\"text_align\":\"left\"}},{\"type\":\"button\",\"props\":{\"grid_column_gap\":\"small\",\"grid_row_gap\":\"small\",\"margin\":\"default\",\"text_align\":\"left\"},\"children\":[{\"type\":\"button_item\",\"props\":{\"button_style\":\"default\",\"content\":\"T\\u00c9L\\u00c9CHARGER ICI\",\"icon_align\":\"left\",\"link\":\"wp-content\\\/uploads\\\/2023\\\/03\\\/bEUjo_IO2_Coordinators-Annex-Toolbox_FINAL_FR.pdf\"}}]}]},{\"type\":\"column\",\"props\":{\"image_position\":\"center-center\",\"media_overlay_gradient\":\"\",\"position_sticky_breakpoint\":\"m\",\"width_medium\":\"1-2\"},\"children\":[{\"type\":\"image\",\"props\":{\"image\":\"wp-content\\\/uploads\\\/2023\\\/03\\\/French.png\",\"image_svg_color\":\"emphasis\",\"image_width\":\"400\",\"margin\":\"default\",\"text_align\":\"center\"}}]}]}],\"name\":\"Resource 2\"},{\"type\":\"section\",\"props\":{\"image\":\"wp-content\\\/uploads\\\/2021\\\/11\\\/bEUjo-patterns-medium-3-e1636111129396.png\",\"image_effect\":\"parallax\",\"image_height\":\"200\",\"image_parallax_bgy\":\"0,-400\",\"image_parallax_easing\":\"-0.5\",\"image_position\":\"bottom-left\",\"image_width\":\"600\",\"media_visibility\":\"m\",\"status\":\"\",\"style\":\"default\",\"title_breakpoint\":\"xl\",\"title_position\":\"top-left\",\"title_rotation\":\"left\",\"vertical_align\":\"middle\",\"width\":\"default\"},\"children\":[{\"type\":\"row\",\"props\":{\"layout\":\"1-2,1-2\"},\"children\":[{\"type\":\"column\",\"props\":{\"image_position\":\"center-center\",\"media_overlay_gradient\":\"\",\"position_sticky_breakpoint\":\"m\",\"width_medium\":\"1-2\"},\"children\":[{\"type\":\"image\",\"props\":{\"image\":\"wp-content\\\/uploads\\\/2023\\\/03\\\/Screenshot-2023-03-23-144301.png\",\"image_svg_color\":\"emphasis\",\"image_width\":\"400\",\"margin\":\"default\",\"text_align\":\"center\"}}]},{\"type\":\"column\",\"props\":{\"image_position\":\"center-center\",\"media_overlay_gradient\":\"\",\"position_sticky_breakpoint\":\"m\",\"width_medium\":\"1-2\"},\"children\":[{\"type\":\"headline\",\"props\":{\"content\":\"M\\u00e9thodologie de la formation\",\"title_color\":\"muted\",\"title_element\":\"h1\",\"title_style\":\"h4\"}},{\"type\":\"headline\",\"props\":{\"content\":\"\n\n<h1>La feuille de route vers le succ\\u00e8s<\\\/h1>\",\"margin_remove_top\":true,\"title_element\":\"h1\",\"title_style\":\"h1\"}},{\"type\":\"text\",\"props\":{\"column_breakpoint\":\"m\",\"content\":\"\n\n<p>Quelle est la meilleure approche pour devenir un gestionnaire de projet Erasmus+ performant ?<\\\/p>\\n\n\n<p>La m\\u00e9thodologie de la formation vous donnera des suggestions pratiques pour apprendre tous les secrets d'une gestion r\\u00e9ussie des projets Erasmus+ !<\\\/p>\",\"margin\":\"default\"}},{\"type\":\"button\",\"props\":{\"grid_column_gap\":\"small\",\"grid_row_gap\":\"small\",\"margin\":\"default\"},\"children\":[{\"type\":\"button_item\",\"props\":{\"button_style\":\"default\",\"content\":\"T\\u00c9L\\u00c9CHARGER ICI\",\"icon_align\":\"left\",\"link\":\"wp-content\\\/uploads\\\/2023\\\/03\\\/bEUjo_IO3_Methodological-Guide_FR.pdf\"}}]}]}]}],\"name\":\"Resource name 3\"}],\"version\":\"3.0.25\"} --><\/p>\n","protected":false},"excerpt":{"rendered":"<p>Ressources bEUjo+ Application Web bEUjo+ Le bullet journal Un parcours en 6 \u00e9tapes pour r\u00e9ussir votre projet Erasmus+ ! Le bullet journal bEUjo+ vous guidera dans toutes les \u00e9tapes d&rsquo;un projet Erasmus+. R\u00e9daction d&rsquo;une proposition Gestion et rapports D\u00e9veloppement des r\u00e9sultats Participation des publics cibles et des parties prenantes Promouvoir et diffuser \u00c9valuer et g\u00e9n\u00e9rer [&hellip;]<\/p>\n","protected":false},"author":1,"featured_media":0,"parent":0,"menu_order":0,"comment_status":"closed","ping_status":"closed","template":"","meta":{"_acf_changed":false,"footnotes":""},"class_list":["post-2481","page","type-page","status-publish","hentry"],"acf":[],"_links":{"self":[{"href":"http:\/\/beujoproject.eu\/fr\/wp-json\/wp\/v2\/pages\/2481","targetHints":{"allow":["GET"]}}],"collection":[{"href":"http:\/\/beujoproject.eu\/fr\/wp-json\/wp\/v2\/pages"}],"about":[{"href":"http:\/\/beujoproject.eu\/fr\/wp-json\/wp\/v2\/types\/page"}],"author":[{"embeddable":true,"href":"http:\/\/beujoproject.eu\/fr\/wp-json\/wp\/v2\/users\/1"}],"replies":[{"embeddable":true,"href":"http:\/\/beujoproject.eu\/fr\/wp-json\/wp\/v2\/comments?post=2481"}],"version-history":[{"count":10,"href":"http:\/\/beujoproject.eu\/fr\/wp-json\/wp\/v2\/pages\/2481\/revisions"}],"predecessor-version":[{"id":2828,"href":"http:\/\/beujoproject.eu\/fr\/wp-json\/wp\/v2\/pages\/2481\/revisions\/2828"}],"wp:attachment":[{"href":"http:\/\/beujoproject.eu\/fr\/wp-json\/wp\/v2\/media?parent=2481"}],"curies":[{"name":"wp","href":"https:\/\/api.w.org\/{rel}","templated":true}]}}