{"id":2484,"date":"2021-11-04T14:51:45","date_gmt":"2021-11-04T14:51:45","guid":{"rendered":"http:\/\/beujoproject.eu\/resources\/"},"modified":"2023-03-23T12:58:21","modified_gmt":"2023-03-23T12:58:21","slug":"resources","status":"publish","type":"page","link":"https:\/\/beujoproject.eu\/pt-pt\/resources\/","title":{"rendered":"Recursos"},"content":{"rendered":"<div>\n<p>    <img decoding=\"async\" src=\"\/wp-content\/uploads\/2021\/11\/brainstorming-connection-colleagues-team-scaled-e1636100832439.jpg\" alt=\"\"><\/p>\n<h1>Recursos<\/h1>\n<p>bEUjo+<\/p>\n<\/div>\n<p><img decoding=\"async\" src=\"\/wp-content\/uploads\/2023\/02\/MicrosoftTeams-image.jpg\" alt=\"\"><\/p>\n<h1>\n<p>Plataforma bEUjo+<\/p>\n<\/h1>\n<h1>A aplica\u00e7\u00e3o<\/h1>\n<div>\n<p>Um percurso com seis dimens\u00f5es para garantir o sucesso dos projetos Erasmus+!:<\/p>\n<ul>\n<li>Elaborar uma proposta<\/li>\n<li>Gerir e reportar<\/li>\n<li>Desenvolver resultados<\/li>\n<li>Envolver p\u00fablicos-alvo e stakeholders<\/li>\n<li>Promover e partilhar<\/li>\n<li>Avaliar e gerar impacto<\/li>\n<\/ul>\n<\/div>\n<p>\n    <a href=\"https:\/\/beujoplatform.eu\/\">visite a aplica\u00e7\u00e3o web bEUjo+<\/a>\n<\/p>\n<h1>\n<p style=\"text-align: left;\">As ferramentas essenciais de um gestor de projetos Erasmus+<\/p>\n<\/h1>\n<h1>Os recursos formativos<\/h1>\n<div>\n<p style=\"text-align: left;\">Para implementar as seis dimens\u00f5es da aplica\u00e7\u00e3o, \u00e9 necess\u00e1rio criar e usar documentos, como os abaixo listados.<\/p>\n<ul>\n<li data-leveltext=\"\uf0b7\" data-font=\"Symbol\" data-listid=\"2\" aria-setsize=\"-1\" data-aria-posinset=\"1\" data-aria-level=\"1\">Plano de trabalho<\/li>\n<li data-leveltext=\"\uf0b7\" data-font=\"Symbol\" data-listid=\"2\" aria-setsize=\"-1\" data-aria-posinset=\"1\" data-aria-level=\"1\">Gantt chart<\/li>\n<li data-leveltext=\"\uf0b7\" data-font=\"Symbol\" data-listid=\"2\" aria-setsize=\"-1\" data-aria-posinset=\"1\" data-aria-level=\"1\">Contratos bilaterais<\/li>\n<li data-leveltext=\"\uf0b7\" data-font=\"Symbol\" data-listid=\"2\" aria-setsize=\"-1\" data-aria-posinset=\"1\" data-aria-level=\"1\">Plano de dissemina\u00e7\u00e3o<\/li>\n<\/ul>\n<p>Entre muitos outros!<\/p>\n<\/div>\n<p>\n    <a href=\"\/wp-content\/uploads\/2023\/03\/bEUjo_O2_Coordinators-Annex-Toolbox_PT.pdf\"> BAIXE AQUI<\/a>\n<\/p>\n<p><img decoding=\"async\" src=\"\/wp-content\/uploads\/2023\/03\/Portuguese.png\" alt=\"\"><br \/>\n<img decoding=\"async\" src=\"\/wp-content\/uploads\/2023\/03\/Screenshot-2023-03-23-145611.png\" alt=\"\"><\/p>\n<h1>Metodologia de forma\u00e7\u00e3o<\/h1>\n<h1>\n<h1>O caminho para o sucesso<\/h1>\n<\/h1>\n<div>\n<p>Qual a melhor abordagem para se tornar um gestor de projetos Erasmus+ bem-sucedido?<\/p>\n<p>A metodologia de forma\u00e7\u00e3o bEUjo+ oferece sugest\u00f5es pr\u00e1ticas para aprender os segredos da gest\u00e3o de projetos Erasmus+ bem-sucedida!<\/p>\n<\/div>\n<p>\n    <a href=\"\/wp-content\/uploads\/2023\/03\/bEUjo_O3_Methodological-Guide_PT.pdf\">BAIXE AQUI<\/a>\n<\/p>\n<p><!--more--><br \/>\n<!-- {\"type\":\"layout\",\"children\":[{\"type\":\"section\",\"props\":{\"height\":\"full\",\"image_position\":\"center-center\",\"overlap\":true,\"padding\":\"none\",\"padding_remove_horizontal\":true,\"style\":\"default\",\"title_breakpoint\":\"xl\",\"title_position\":\"top-left\",\"title_rotation\":\"left\",\"vertical_align\":\"\",\"width\":\"\"},\"children\":[{\"type\":\"row\",\"children\":[{\"type\":\"column\",\"props\":{\"image_position\":\"center-center\",\"media_overlay_gradient\":\"\",\"position_sticky_breakpoint\":\"m\"},\"children\":[{\"type\":\"slideshow\",\"props\":{\"animation\":\"parallax\",\"css\":\".el-meta\",\"image_width\":\"2000\",\"link_style\":\"default\",\"link_text\":\"Read more\",\"margin\":\"remove-vertical\",\"margin_remove_bottom\":true,\"margin_remove_top\":true,\"meta_align\":\"above-title\",\"meta_color\":\"success\",\"meta_element\":\"div\",\"meta_style\":\"h4\",\"nav\":\"\",\"nav_align\":\"center\",\"nav_breakpoint\":\"s\",\"nav_position\":\"bottom-center\",\"nav_position_margin\":\"medium\",\"overlay_animation\":\"parallax\",\"overlay_container\":\"\",\"overlay_container_padding\":\"\",\"overlay_margin\":\"none\",\"overlay_padding\":\"large\",\"overlay_position\":\"bottom-right\",\"overlay_style\":\"tile-primary\",\"overlay_width\":\"large\",\"parallax_easing\":\"1\",\"parallax_y\":\"0,-200\",\"show_content\":true,\"show_link\":true,\"show_meta\":true,\"show_thumbnail\":true,\"show_title\":true,\"slidenav\":\"\",\"slidenav_breakpoint\":\"s\",\"slidenav_margin\":\"medium\",\"slidenav_outside_breakpoint\":\"xl\",\"slideshow_autoplay_pause\":true,\"slideshow_height\":\"percent\",\"slideshow_min_height\":300,\"thumbnav_height\":\"75\",\"thumbnav_svg_color\":\"emphasis\",\"thumbnav_width\":\"100\",\"title_element\":\"h1\",\"title_margin\":\"small\",\"title_style\":\"h1\"},\"children\":[{\"type\":\"slideshow_item\",\"props\":{\"content\":\"\",\"image\":\"wp-content\\\/uploads\\\/2021\\\/11\\\/brainstorming-connection-colleagues-team-scaled-e1636100832439.jpg\",\"media_background\":\"#FB9F9F\",\"meta\":\"bEUjo+\",\"title\":\"Recursos\"}}]}]}]}],\"name\":\"HERO\"},{\"type\":\"section\",\"props\":{\"image\":\"wp-content\\\/uploads\\\/2021\\\/11\\\/bEUjo-patterns-medium-2-e1636111045615.png\",\"image_effect\":\"parallax\",\"image_height\":\"200\",\"image_parallax_bgy\":\"0,400\",\"image_parallax_easing\":\"-0.5\",\"image_position\":\"top-left\",\"image_width\":\"600\",\"media_visibility\":\"m\",\"style\":\"default\",\"title_breakpoint\":\"xl\",\"title_position\":\"top-left\",\"title_rotation\":\"left\",\"vertical_align\":\"middle\",\"width\":\"default\"},\"children\":[{\"type\":\"row\",\"props\":{\"layout\":\"1-2,1-2\"},\"children\":[{\"type\":\"column\",\"props\":{\"image_position\":\"center-center\",\"media_overlay_gradient\":\"\",\"position_sticky_breakpoint\":\"m\",\"width_medium\":\"1-2\"},\"children\":[{\"type\":\"image\",\"props\":{\"image\":\"wp-content\\\/uploads\\\/2023\\\/02\\\/MicrosoftTeams-image.jpg\",\"image_svg_color\":\"emphasis\",\"image_width\":\"400\",\"margin\":\"default\",\"text_align\":\"center\"}}]},{\"type\":\"column\",\"props\":{\"image_position\":\"center-center\",\"media_overlay_gradient\":\"\",\"position_sticky_breakpoint\":\"m\",\"width_medium\":\"1-2\"},\"children\":[{\"type\":\"headline\",\"props\":{\"animation\":\"slide-top-small\",\"content\":\"\n\n<p>Plataforma bEUjo+<\\\/p>\",\"title_color\":\"muted\",\"title_element\":\"h1\",\"title_style\":\"h4\"}},{\"type\":\"headline\",\"props\":{\"content\":\"A aplica\\u00e7\\u00e3o\",\"margin_remove_top\":true,\"title_element\":\"h1\"}},{\"type\":\"text\",\"props\":{\"animation\":\"slide-top-medium\",\"column_breakpoint\":\"m\",\"content\":\"\n\n<p>Um percurso com seis dimens\\u00f5es para garantir o sucesso dos projetos Erasmus+!:<\\\/p>\\n\n\n<ul>\\n\n\n<li>Elaborar uma proposta<\\\/li>\\n\n\n<li>Gerir e reportar<\\\/li>\\n\n\n<li>Desenvolver resultados<\\\/li>\\n\n\n<li>Envolver p\\u00fablicos-alvo e stakeholders<\\\/li>\\n\n\n<li>Promover e partilhar<\\\/li>\\n\n\n<li>Avaliar e gerar impacto<\\\/li>\\n<\\\/ul>\",\"margin\":\"default\"}},{\"type\":\"button\",\"props\":{\"grid_column_gap\":\"small\",\"grid_row_gap\":\"small\",\"margin\":\"default\"},\"children\":[{\"type\":\"button_item\",\"props\":{\"button_style\":\"default\",\"content\":\"visite a aplica\\u00e7\\u00e3o web bEUjo+\",\"icon_align\":\"left\",\"link\":\"https:\\\/\\\/beujoplatform.eu\\\/\"}}]}]}]}],\"name\":\"Bullet journal\"},{\"type\":\"section\",\"props\":{\"image\":\"wp-content\\\/uploads\\\/2021\\\/11\\\/bEUjo-patterns-medium.png\",\"image_effect\":\"parallax\",\"image_height\":\"600\",\"image_parallax_bgx\":\"-200,0\",\"image_parallax_bgy\":\"0,0\",\"image_parallax_easing\":\"-0.5\",\"image_position\":\"bottom-right\",\"image_width\":\"200\",\"media_visibility\":\"m\",\"status\":\"\",\"style\":\"default\",\"title_breakpoint\":\"xl\",\"title_position\":\"top-left\",\"title_rotation\":\"left\",\"vertical_align\":\"middle\",\"width\":\"default\"},\"children\":[{\"type\":\"row\",\"props\":{\"layout\":\"1-2,1-2\"},\"children\":[{\"type\":\"column\",\"props\":{\"image_position\":\"center-center\",\"media_overlay_gradient\":\"\",\"position_sticky_breakpoint\":\"m\",\"width_medium\":\"1-2\"},\"children\":[{\"type\":\"headline\",\"props\":{\"content\":\"\n\n<p style=\\\"text-align: left;\\\">As ferramentas essenciais de um gestor de projetos Erasmus+<\\\/p>\",\"text_align\":\"right\",\"title_color\":\"muted\",\"title_element\":\"h1\",\"title_style\":\"h4\"}},{\"type\":\"headline\",\"props\":{\"content\":\"Os recursos formativos\",\"margin_remove_top\":true,\"title_element\":\"h1\"}},{\"type\":\"text\",\"props\":{\"column_breakpoint\":\"m\",\"content\":\"\n\n<p style=\\\"text-align: left;\\\">Para implementar as seis dimens\\u00f5es da aplica\\u00e7\\u00e3o, \\u00e9 necess\\u00e1rio criar e usar documentos, como os abaixo listados.<\\\/p>\\n\n\n<ul>\\n\n\n<li data-leveltext=\\\"\\uf0b7\\\" data-font=\\\"Symbol\\\" data-listid=\\\"2\\\" aria-setsize=\\\"-1\\\" data-aria-posinset=\\\"1\\\" data-aria-level=\\\"1\\\">Plano de trabalho<\\\/li>\\n\n\n<li data-leveltext=\\\"\\uf0b7\\\" data-font=\\\"Symbol\\\" data-listid=\\\"2\\\" aria-setsize=\\\"-1\\\" data-aria-posinset=\\\"1\\\" data-aria-level=\\\"1\\\">Gantt chart<\\\/li>\\n\n\n<li data-leveltext=\\\"\\uf0b7\\\" data-font=\\\"Symbol\\\" data-listid=\\\"2\\\" aria-setsize=\\\"-1\\\" data-aria-posinset=\\\"1\\\" data-aria-level=\\\"1\\\">Contratos bilaterais<\\\/li>\\n\n\n<li data-leveltext=\\\"\\uf0b7\\\" data-font=\\\"Symbol\\\" data-listid=\\\"2\\\" aria-setsize=\\\"-1\\\" data-aria-posinset=\\\"1\\\" data-aria-level=\\\"1\\\">Plano de dissemina\\u00e7\\u00e3o<\\\/li>\\n<\\\/ul>\\n\n\n<p>Entre muitos outros!<\\\/p>\",\"margin\":\"default\",\"text_align\":\"left\"}},{\"type\":\"button\",\"props\":{\"grid_column_gap\":\"small\",\"grid_row_gap\":\"small\",\"margin\":\"default\",\"text_align\":\"left\"},\"children\":[{\"type\":\"button_item\",\"props\":{\"button_style\":\"default\",\"content\":\" BAIXE AQUI\",\"icon_align\":\"left\",\"link\":\"wp-content\\\/uploads\\\/2023\\\/03\\\/bEUjo_O2_Coordinators-Annex-Toolbox_PT.pdf\"}}]}]},{\"type\":\"column\",\"props\":{\"image_position\":\"center-center\",\"media_overlay_gradient\":\"\",\"position_sticky_breakpoint\":\"m\",\"width_medium\":\"1-2\"},\"children\":[{\"type\":\"image\",\"props\":{\"image\":\"wp-content\\\/uploads\\\/2023\\\/03\\\/Portuguese.png\",\"image_svg_color\":\"emphasis\",\"image_width\":\"400\",\"margin\":\"default\",\"text_align\":\"center\"}}]}]}],\"name\":\"Resource 2\"},{\"type\":\"section\",\"props\":{\"image\":\"wp-content\\\/uploads\\\/2021\\\/11\\\/bEUjo-patterns-medium-3-e1636111129396.png\",\"image_effect\":\"parallax\",\"image_height\":\"200\",\"image_parallax_bgy\":\"0,-400\",\"image_parallax_easing\":\"-0.5\",\"image_position\":\"bottom-left\",\"image_width\":\"600\",\"media_visibility\":\"m\",\"status\":\"\",\"style\":\"default\",\"title_breakpoint\":\"xl\",\"title_position\":\"top-left\",\"title_rotation\":\"left\",\"vertical_align\":\"middle\",\"width\":\"default\"},\"children\":[{\"type\":\"row\",\"props\":{\"layout\":\"1-2,1-2\"},\"children\":[{\"type\":\"column\",\"props\":{\"image_position\":\"center-center\",\"media_overlay_gradient\":\"\",\"position_sticky_breakpoint\":\"m\",\"width_medium\":\"1-2\"},\"children\":[{\"type\":\"image\",\"props\":{\"image\":\"wp-content\\\/uploads\\\/2023\\\/03\\\/Screenshot-2023-03-23-145611.png\",\"image_svg_color\":\"emphasis\",\"image_width\":\"400\",\"margin\":\"default\",\"text_align\":\"center\"}}]},{\"type\":\"column\",\"props\":{\"image_position\":\"center-center\",\"media_overlay_gradient\":\"\",\"position_sticky_breakpoint\":\"m\",\"width_medium\":\"1-2\"},\"children\":[{\"type\":\"headline\",\"props\":{\"content\":\"Metodologia de forma\\u00e7\\u00e3o\",\"title_color\":\"muted\",\"title_element\":\"h1\",\"title_style\":\"h4\"}},{\"type\":\"headline\",\"props\":{\"content\":\"\n\n<h1>O caminho para o sucesso<\\\/h1>\",\"margin_remove_top\":true,\"title_element\":\"h1\",\"title_style\":\"h1\"}},{\"type\":\"text\",\"props\":{\"column_breakpoint\":\"m\",\"content\":\"\n\n<p>Qual a melhor abordagem para se tornar um gestor de projetos Erasmus+ bem-sucedido?<\\\/p>\\n\n\n<p>A metodologia de forma\\u00e7\\u00e3o bEUjo+ oferece sugest\\u00f5es pr\\u00e1ticas para aprender os segredos da gest\\u00e3o de projetos Erasmus+ bem-sucedida!<\\\/p>\",\"margin\":\"default\"}},{\"type\":\"button\",\"props\":{\"grid_column_gap\":\"small\",\"grid_row_gap\":\"small\",\"margin\":\"default\"},\"children\":[{\"type\":\"button_item\",\"props\":{\"button_style\":\"default\",\"content\":\"BAIXE AQUI\",\"icon_align\":\"left\",\"link\":\"wp-content\\\/uploads\\\/2023\\\/03\\\/bEUjo_O3_Methodological-Guide_PT.pdf\"}}]}]}]}],\"name\":\"Resource name 3\"}],\"version\":\"3.0.25\"} --><\/p>\n","protected":false},"excerpt":{"rendered":"<p>Recursos bEUjo+ Plataforma bEUjo+ A aplica\u00e7\u00e3o Um percurso com seis dimens\u00f5es para garantir o sucesso dos projetos Erasmus+!: Elaborar uma proposta Gerir e reportar Desenvolver resultados Envolver p\u00fablicos-alvo e stakeholders Promover e partilhar Avaliar e gerar impacto visite a aplica\u00e7\u00e3o web bEUjo+ As ferramentas essenciais de um gestor de projetos Erasmus+ Os recursos formativos Para [&hellip;]<\/p>\n","protected":false},"author":1,"featured_media":0,"parent":0,"menu_order":0,"comment_status":"closed","ping_status":"closed","template":"","meta":{"_acf_changed":false,"footnotes":""},"class_list":["post-2484","page","type-page","status-publish","hentry"],"acf":[],"_links":{"self":[{"href":"https:\/\/beujoproject.eu\/pt-pt\/wp-json\/wp\/v2\/pages\/2484","targetHints":{"allow":["GET"]}}],"collection":[{"href":"https:\/\/beujoproject.eu\/pt-pt\/wp-json\/wp\/v2\/pages"}],"about":[{"href":"https:\/\/beujoproject.eu\/pt-pt\/wp-json\/wp\/v2\/types\/page"}],"author":[{"embeddable":true,"href":"https:\/\/beujoproject.eu\/pt-pt\/wp-json\/wp\/v2\/users\/1"}],"replies":[{"embeddable":true,"href":"https:\/\/beujoproject.eu\/pt-pt\/wp-json\/wp\/v2\/comments?post=2484"}],"version-history":[{"count":11,"href":"https:\/\/beujoproject.eu\/pt-pt\/wp-json\/wp\/v2\/pages\/2484\/revisions"}],"predecessor-version":[{"id":2867,"href":"https:\/\/beujoproject.eu\/pt-pt\/wp-json\/wp\/v2\/pages\/2484\/revisions\/2867"}],"wp:attachment":[{"href":"https:\/\/beujoproject.eu\/pt-pt\/wp-json\/wp\/v2\/media?parent=2484"}],"curies":[{"name":"wp","href":"https:\/\/api.w.org\/{rel}","templated":true}]}}